{"id":10721,"date":"2026-03-26T14:08:00","date_gmt":"2026-03-26T13:08:00","guid":{"rendered":"https:\/\/www.rumicon.sk\/?post_type=product&#038;p=10721"},"modified":"2026-03-26T14:21:33","modified_gmt":"2026-03-26T13:21:33","slug":"rocky-patel-vintage-1990-juniors-tin-kopia","status":"publish","type":"product","link":"https:\/\/www.rumicon.sk\/hu\/produkt\/rocky-patel-vintage-1990-juniors-tin-kopia\/","title":{"rendered":"ROCKY PATEL SUNGROWN JUNIORS"},"content":{"rendered":"<p>A Rocky Patel Vintage 1990 szivar egy \u00fajabb szivar a Rocky Patel szivarok sor\u00e1ban, amely nem marad el a Rocky Patel portf\u00f3li\u00f3 t\u00f6bbi pr\u00e9mium szivarja m\u00f6g\u00f6tt a h\u00faz\u00f3s fel\u00e9p\u00edt\u00e9s\u00e9vel \u00e9s kiegyens\u00falyozott \u00edz\u00e9vel. Kiv\u00e1l\u00f3an \u00e9rlelt nicaraguai \u00e9s dominikai t\u00f6lt\u0151anyag \u00e9s k\u00f6t\u0151anyag kever\u00e9ke 12 \u00e9vig \u00e9rlelt s\u00f6t\u00e9t hondurasi bor\u00edt\u00f3ban.<\/p>\n<p>Ez a szivar k\u00f6zepes vagy er\u0151s, testes \u00edzzel, amelyben k\u00e1v\u00e9s-di\u00f3s \u00e9s karamell\u00e1s \u00edzeket tal\u00e1lunk. Sz\u00e1rmaz\u00e1si hely: Honduras Hossz\u00fas\u00e1g x \u00e1tm\u00e9r\u0151: 102 mm x 15 mm  <\/p>\n","protected":false},"excerpt":{"rendered":"<p><strong>Rocky Patel<\/strong><\/p>\n<p>A Rocky Patel szivarok leny\u0171g\u00f6z\u0151 portf\u00f3li\u00f3t k\u00edn\u00e1lnak, t\u00f6bb mint 100 k\u00fcl\u00f6nb\u00f6z\u0151 szivarsorozattal, \u00e9s rendszeresen jelennek meg \u00faj, kiemelked\u0151en \u00e9rt\u00e9kelt darabok. A szivarok h\u00edresek a k\u00f6vetkezetes kivitelez\u00e9s\u00fckr\u0151l, a kiv\u00e1l\u00f3 megjelen\u00e9s\u00fckr\u0151l \u00e9s m\u00e9g jobb \u00edzvil\u00e1gukr\u00f3l.<\/p>\n<p> <\/p>\n<p>A m\u00e1rk\u00e1t a karizmatikus Rocky Patel alap\u00edtotta a kilencvenes \u00e9vek k\u00f6zep\u00e9n. Ez egy viszonylag fiatal m\u00e1rka, amely sikert sikerre halmoz sz\u00e1mos n\u00e9pszer\u0171 sorozat\u00e1val, mint p\u00e9ld\u00e1ul a Rocky Patel Sun Grown, a Rocky Patel 15th Anniversary \u00e9s a Rocky Patel Vintage Series, valamint m\u00e9g sok m\u00e1s. <\/p>\n<p><strong>ROCKY PATEL SUNGROWN JUNIORS<\/strong><\/p>\n<p>A Rocky Patel Sun Grown szivarok olyan doh\u00e1nyb\u00f3l k\u00e9sz\u00fclnek, amely k\u00f6zvetlen napf\u00e9nyen \u00e9s melegben \u00e9rlel\u0151dik. Az \u00f6t\u00e9ves feldolgoz\u00e1si folyamat enyh\u00e9n f\u0171szeres \u00edzvil\u00e1got ad a szivarnak, k\u00fcl\u00f6n\u00f6sen a fels\u0151 \u00edzjegyekben, finom f\u0171szeres \u00e1rnyalattal. <\/p>\n<div>\n<p>\u00cdzvil\u00e1g: f\u0171szeres, pik\u00e1ns<\/p>\n<\/div>\n<div>\n<p>Fed\u0151lev\u00e9l: Ecuadori Sumatra<\/p>\n<\/div>\n<div>\n<p>K\u00f6t\u0151lev\u00e9l: Honduraszi<\/p>\n<\/div>\n<div>\n<p>T\u00f6ltet: Honduraszi<\/p>\n<p><\/p>\n<\/div>\n<div>\n<p><strong>M\u00e9retek<\/p>\n<p><\/strong><\/p>\n<\/div>\n<div>\n<p>Hossz: 102 mm<\/p>\n<\/div>\n<div>\n<p>\u00c1tm\u00e9r\u0151: 15 mm<\/p>\n<\/div>\n","protected":false},"featured_media":10725,"comment_status":"closed","ping_status":"closed","template":"","meta":{"_acf_changed":false},"product_brand":[1222],"product_cat":[584],"product_tag":[],"class_list":{"0":"post-10721","1":"product","2":"type-product","3":"status-publish","4":"has-post-thumbnail","6":"product_brand-rocky-patel","7":"product_cat-szivarok","8":"pa_krajina-povodu-honduras-hu","10":"first","11":"instock","12":"taxable","13":"shipping-taxable","14":"purchasable","15":"product-type-simple"},"acf":[],"yoast_head":"<!-- This site is optimized with the Yoast SEO plugin v27.0 - https:\/\/yoast.com\/product\/yoast-seo-wordpress\/ -->\n<title>ROCKY PATEL SUNGROWN JUNIORS - rumicon.sk<\/title>\n<meta name=\"robots\" content=\"index, follow, max-snippet:-1, max-image-preview:large, max-video-preview:-1\" \/>\n<link rel=\"canonical\" href=\"https:\/\/www.rumicon.sk\/hu\/produkt\/rocky-patel-vintage-1990-juniors-tin-kopia\/\" \/>\n<meta property=\"og:locale\" content=\"hu_HU\" \/>\n<meta property=\"og:type\" content=\"article\" \/>\n<meta property=\"og:title\" content=\"ROCKY PATEL SUNGROWN JUNIORS - rumicon.sk\" \/>\n<meta property=\"og:description\" content=\"Rocky Patel A Rocky Patel szivarok leny\u0171g\u00f6z\u0151 portf\u00f3li\u00f3t k\u00edn\u00e1lnak, t\u00f6bb mint 100 k\u00fcl\u00f6nb\u00f6z\u0151 szivarsorozattal, \u00e9s rendszeresen jelennek meg \u00faj, kiemelked\u0151en \u00e9rt\u00e9kelt darabok. A szivarok h\u00edresek a k\u00f6vetkezetes kivitelez\u00e9s\u00fckr\u0151l, a kiv\u00e1l\u00f3 megjelen\u00e9s\u00fckr\u0151l \u00e9s m\u00e9g jobb \u00edzvil\u00e1gukr\u00f3l.   A m\u00e1rk\u00e1t a karizmatikus Rocky Patel alap\u00edtotta a kilencvenes \u00e9vek k\u00f6zep\u00e9n. Ez egy viszonylag fiatal m\u00e1rka, amely sikert sikerre halmoz sz\u00e1mos n\u00e9pszer\u0171 sorozat\u00e1val, mint p\u00e9ld\u00e1ul a Rocky Patel Sun Grown, a Rocky Patel 15th Anniversary \u00e9s a Rocky Patel Vintage Series, valamint m\u00e9g sok m\u00e1s.  ROCKY PATEL SUNGROWN JUNIORS A Rocky Patel Sun Grown szivarok olyan doh\u00e1nyb\u00f3l k\u00e9sz\u00fclnek, amely k\u00f6zvetlen napf\u00e9nyen \u00e9s melegben \u00e9rlel\u0151dik. Az \u00f6t\u00e9ves feldolgoz\u00e1si folyamat enyh\u00e9n f\u0171szeres \u00edzvil\u00e1got ad a szivarnak, k\u00fcl\u00f6n\u00f6sen a fels\u0151 \u00edzjegyekben, finom f\u0171szeres \u00e1rnyalattal.  \u00cdzvil\u00e1g: f\u0171szeres, pik\u00e1ns   Fed\u0151lev\u00e9l: Ecuadori Sumatra   K\u00f6t\u0151lev\u00e9l: Honduraszi   T\u00f6ltet: Honduraszi    M\u00e9retek    Hossz: 102 mm   \u00c1tm\u00e9r\u0151: 15 mm\" \/>\n<meta property=\"og:url\" content=\"https:\/\/www.rumicon.sk\/hu\/produkt\/rocky-patel-vintage-1990-juniors-tin-kopia\/\" \/>\n<meta property=\"og:site_name\" content=\"rumicon.sk\" \/>\n<meta property=\"article:publisher\" content=\"https:\/\/www.facebook.com\/people\/Rumicon-Bottle-Cigar-Shop\/100087110283303\/\" \/>\n<meta property=\"article:modified_time\" content=\"2026-03-26T13:21:33+00:00\" \/>\n<meta property=\"og:image\" content=\"https:\/\/www.rumicon.sk\/wp-content\/uploads\/Rocky-Patel-sunsgrown-juniors-box-and-stick-570x570-1.jpg\" \/>\n\t<meta property=\"og:image:width\" content=\"570\" \/>\n\t<meta property=\"og:image:height\" content=\"570\" \/>\n\t<meta property=\"og:image:type\" content=\"image\/jpeg\" \/>\n<meta name=\"twitter:card\" content=\"summary_large_image\" \/>\n<meta name=\"twitter:label1\" content=\"Becs\u00fclt olvas\u00e1si id\u0151\" \/>\n\t<meta name=\"twitter:data1\" content=\"1 perc\" \/>\n<script type=\"application\/ld+json\" class=\"yoast-schema-graph\">{\"@context\":\"https:\/\/schema.org\",\"@graph\":[{\"@type\":\"WebPage\",\"@id\":\"https:\/\/www.rumicon.sk\/hu\/produkt\/rocky-patel-vintage-1990-juniors-tin-kopia\/\",\"url\":\"https:\/\/www.rumicon.sk\/hu\/produkt\/rocky-patel-vintage-1990-juniors-tin-kopia\/\",\"name\":\"ROCKY PATEL SUNGROWN JUNIORS - rumicon.sk\",\"isPartOf\":{\"@id\":\"https:\/\/www.rumicon.sk\/hu\/#website\"},\"primaryImageOfPage\":{\"@id\":\"https:\/\/www.rumicon.sk\/hu\/produkt\/rocky-patel-vintage-1990-juniors-tin-kopia\/#primaryimage\"},\"image\":{\"@id\":\"https:\/\/www.rumicon.sk\/hu\/produkt\/rocky-patel-vintage-1990-juniors-tin-kopia\/#primaryimage\"},\"thumbnailUrl\":\"https:\/\/www.rumicon.sk\/wp-content\/uploads\/Rocky-Patel-sunsgrown-juniors-box-and-stick-570x570-1.jpg\",\"datePublished\":\"2026-03-26T13:08:00+00:00\",\"dateModified\":\"2026-03-26T13:21:33+00:00\",\"breadcrumb\":{\"@id\":\"https:\/\/www.rumicon.sk\/hu\/produkt\/rocky-patel-vintage-1990-juniors-tin-kopia\/#breadcrumb\"},\"inLanguage\":\"hu\",\"potentialAction\":[{\"@type\":\"ReadAction\",\"target\":[\"https:\/\/www.rumicon.sk\/hu\/produkt\/rocky-patel-vintage-1990-juniors-tin-kopia\/\"]}]},{\"@type\":\"ImageObject\",\"inLanguage\":\"hu\",\"@id\":\"https:\/\/www.rumicon.sk\/hu\/produkt\/rocky-patel-vintage-1990-juniors-tin-kopia\/#primaryimage\",\"url\":\"https:\/\/www.rumicon.sk\/wp-content\/uploads\/Rocky-Patel-sunsgrown-juniors-box-and-stick-570x570-1.jpg\",\"contentUrl\":\"https:\/\/www.rumicon.sk\/wp-content\/uploads\/Rocky-Patel-sunsgrown-juniors-box-and-stick-570x570-1.jpg\",\"width\":570,\"height\":570},{\"@type\":\"BreadcrumbList\",\"@id\":\"https:\/\/www.rumicon.sk\/hu\/produkt\/rocky-patel-vintage-1990-juniors-tin-kopia\/#breadcrumb\",\"itemListElement\":[{\"@type\":\"ListItem\",\"position\":1,\"name\":\"Home\",\"item\":\"https:\/\/www.rumicon.sk\/hu\/home\/\"},{\"@type\":\"ListItem\",\"position\":2,\"name\":\"Web\u00e1ruh\u00e1z\",\"item\":\"https:\/\/www.rumicon.sk\/hu\/webaruhaz\/\"},{\"@type\":\"ListItem\",\"position\":3,\"name\":\"ROCKY PATEL SUNGROWN JUNIORS\"}]},{\"@type\":\"WebSite\",\"@id\":\"https:\/\/www.rumicon.sk\/hu\/#website\",\"url\":\"https:\/\/www.rumicon.sk\/hu\/\",\"name\":\"rumicon.sk\",\"description\":\"\",\"publisher\":{\"@id\":\"https:\/\/www.rumicon.sk\/hu\/#organization\"},\"potentialAction\":[{\"@type\":\"SearchAction\",\"target\":{\"@type\":\"EntryPoint\",\"urlTemplate\":\"https:\/\/www.rumicon.sk\/hu\/?s={search_term_string}\"},\"query-input\":{\"@type\":\"PropertyValueSpecification\",\"valueRequired\":true,\"valueName\":\"search_term_string\"}}],\"inLanguage\":\"hu\"},{\"@type\":\"Organization\",\"@id\":\"https:\/\/www.rumicon.sk\/hu\/#organization\",\"name\":\"rumicon.sk\",\"url\":\"https:\/\/www.rumicon.sk\/hu\/\",\"logo\":{\"@type\":\"ImageObject\",\"inLanguage\":\"hu\",\"@id\":\"https:\/\/www.rumicon.sk\/hu\/#\/schema\/logo\/image\/\",\"url\":\"https:\/\/www.rumicon.sk\/wp-content\/uploads\/logo-rumicon-bcs-color.png\",\"contentUrl\":\"https:\/\/www.rumicon.sk\/wp-content\/uploads\/logo-rumicon-bcs-color.png\",\"width\":827,\"height\":278,\"caption\":\"rumicon.sk\"},\"image\":{\"@id\":\"https:\/\/www.rumicon.sk\/hu\/#\/schema\/logo\/image\/\"},\"sameAs\":[\"https:\/\/www.facebook.com\/people\/Rumicon-Bottle-Cigar-Shop\/100087110283303\/\",\"https:\/\/www.instagram.com\/rumicon_bottle_cigar_shop\/\",\"https:\/\/www.tiktok.com\/@rumicon2022\"]}]}<\/script>\n<!-- \/ Yoast SEO plugin. -->","yoast_head_json":{"title":"ROCKY PATEL SUNGROWN JUNIORS - rumicon.sk","robots":{"index":"index","follow":"follow","max-snippet":"max-snippet:-1","max-image-preview":"max-image-preview:large","max-video-preview":"max-video-preview:-1"},"canonical":"https:\/\/www.rumicon.sk\/hu\/produkt\/rocky-patel-vintage-1990-juniors-tin-kopia\/","og_locale":"hu_HU","og_type":"article","og_title":"ROCKY PATEL SUNGROWN JUNIORS - rumicon.sk","og_description":"Rocky Patel A Rocky Patel szivarok leny\u0171g\u00f6z\u0151 portf\u00f3li\u00f3t k\u00edn\u00e1lnak, t\u00f6bb mint 100 k\u00fcl\u00f6nb\u00f6z\u0151 szivarsorozattal, \u00e9s rendszeresen jelennek meg \u00faj, kiemelked\u0151en \u00e9rt\u00e9kelt darabok. A szivarok h\u00edresek a k\u00f6vetkezetes kivitelez\u00e9s\u00fckr\u0151l, a kiv\u00e1l\u00f3 megjelen\u00e9s\u00fckr\u0151l \u00e9s m\u00e9g jobb \u00edzvil\u00e1gukr\u00f3l.   A m\u00e1rk\u00e1t a karizmatikus Rocky Patel alap\u00edtotta a kilencvenes \u00e9vek k\u00f6zep\u00e9n. Ez egy viszonylag fiatal m\u00e1rka, amely sikert sikerre halmoz sz\u00e1mos n\u00e9pszer\u0171 sorozat\u00e1val, mint p\u00e9ld\u00e1ul a Rocky Patel Sun Grown, a Rocky Patel 15th Anniversary \u00e9s a Rocky Patel Vintage Series, valamint m\u00e9g sok m\u00e1s.  ROCKY PATEL SUNGROWN JUNIORS A Rocky Patel Sun Grown szivarok olyan doh\u00e1nyb\u00f3l k\u00e9sz\u00fclnek, amely k\u00f6zvetlen napf\u00e9nyen \u00e9s melegben \u00e9rlel\u0151dik. Az \u00f6t\u00e9ves feldolgoz\u00e1si folyamat enyh\u00e9n f\u0171szeres \u00edzvil\u00e1got ad a szivarnak, k\u00fcl\u00f6n\u00f6sen a fels\u0151 \u00edzjegyekben, finom f\u0171szeres \u00e1rnyalattal.  \u00cdzvil\u00e1g: f\u0171szeres, pik\u00e1ns   Fed\u0151lev\u00e9l: Ecuadori Sumatra   K\u00f6t\u0151lev\u00e9l: Honduraszi   T\u00f6ltet: Honduraszi    M\u00e9retek    Hossz: 102 mm   \u00c1tm\u00e9r\u0151: 15 mm","og_url":"https:\/\/www.rumicon.sk\/hu\/produkt\/rocky-patel-vintage-1990-juniors-tin-kopia\/","og_site_name":"rumicon.sk","article_publisher":"https:\/\/www.facebook.com\/people\/Rumicon-Bottle-Cigar-Shop\/100087110283303\/","article_modified_time":"2026-03-26T13:21:33+00:00","og_image":[{"width":570,"height":570,"url":"https:\/\/www.rumicon.sk\/wp-content\/uploads\/Rocky-Patel-sunsgrown-juniors-box-and-stick-570x570-1.jpg","type":"image\/jpeg"}],"twitter_card":"summary_large_image","twitter_misc":{"Becs\u00fclt olvas\u00e1si id\u0151":"1 perc"},"schema":{"@context":"https:\/\/schema.org","@graph":[{"@type":"WebPage","@id":"https:\/\/www.rumicon.sk\/hu\/produkt\/rocky-patel-vintage-1990-juniors-tin-kopia\/","url":"https:\/\/www.rumicon.sk\/hu\/produkt\/rocky-patel-vintage-1990-juniors-tin-kopia\/","name":"ROCKY PATEL SUNGROWN JUNIORS - rumicon.sk","isPartOf":{"@id":"https:\/\/www.rumicon.sk\/hu\/#website"},"primaryImageOfPage":{"@id":"https:\/\/www.rumicon.sk\/hu\/produkt\/rocky-patel-vintage-1990-juniors-tin-kopia\/#primaryimage"},"image":{"@id":"https:\/\/www.rumicon.sk\/hu\/produkt\/rocky-patel-vintage-1990-juniors-tin-kopia\/#primaryimage"},"thumbnailUrl":"https:\/\/www.rumicon.sk\/wp-content\/uploads\/Rocky-Patel-sunsgrown-juniors-box-and-stick-570x570-1.jpg","datePublished":"2026-03-26T13:08:00+00:00","dateModified":"2026-03-26T13:21:33+00:00","breadcrumb":{"@id":"https:\/\/www.rumicon.sk\/hu\/produkt\/rocky-patel-vintage-1990-juniors-tin-kopia\/#breadcrumb"},"inLanguage":"hu","potentialAction":[{"@type":"ReadAction","target":["https:\/\/www.rumicon.sk\/hu\/produkt\/rocky-patel-vintage-1990-juniors-tin-kopia\/"]}]},{"@type":"ImageObject","inLanguage":"hu","@id":"https:\/\/www.rumicon.sk\/hu\/produkt\/rocky-patel-vintage-1990-juniors-tin-kopia\/#primaryimage","url":"https:\/\/www.rumicon.sk\/wp-content\/uploads\/Rocky-Patel-sunsgrown-juniors-box-and-stick-570x570-1.jpg","contentUrl":"https:\/\/www.rumicon.sk\/wp-content\/uploads\/Rocky-Patel-sunsgrown-juniors-box-and-stick-570x570-1.jpg","width":570,"height":570},{"@type":"BreadcrumbList","@id":"https:\/\/www.rumicon.sk\/hu\/produkt\/rocky-patel-vintage-1990-juniors-tin-kopia\/#breadcrumb","itemListElement":[{"@type":"ListItem","position":1,"name":"Home","item":"https:\/\/www.rumicon.sk\/hu\/home\/"},{"@type":"ListItem","position":2,"name":"Web\u00e1ruh\u00e1z","item":"https:\/\/www.rumicon.sk\/hu\/webaruhaz\/"},{"@type":"ListItem","position":3,"name":"ROCKY PATEL SUNGROWN JUNIORS"}]},{"@type":"WebSite","@id":"https:\/\/www.rumicon.sk\/hu\/#website","url":"https:\/\/www.rumicon.sk\/hu\/","name":"rumicon.sk","description":"","publisher":{"@id":"https:\/\/www.rumicon.sk\/hu\/#organization"},"potentialAction":[{"@type":"SearchAction","target":{"@type":"EntryPoint","urlTemplate":"https:\/\/www.rumicon.sk\/hu\/?s={search_term_string}"},"query-input":{"@type":"PropertyValueSpecification","valueRequired":true,"valueName":"search_term_string"}}],"inLanguage":"hu"},{"@type":"Organization","@id":"https:\/\/www.rumicon.sk\/hu\/#organization","name":"rumicon.sk","url":"https:\/\/www.rumicon.sk\/hu\/","logo":{"@type":"ImageObject","inLanguage":"hu","@id":"https:\/\/www.rumicon.sk\/hu\/#\/schema\/logo\/image\/","url":"https:\/\/www.rumicon.sk\/wp-content\/uploads\/logo-rumicon-bcs-color.png","contentUrl":"https:\/\/www.rumicon.sk\/wp-content\/uploads\/logo-rumicon-bcs-color.png","width":827,"height":278,"caption":"rumicon.sk"},"image":{"@id":"https:\/\/www.rumicon.sk\/hu\/#\/schema\/logo\/image\/"},"sameAs":["https:\/\/www.facebook.com\/people\/Rumicon-Bottle-Cigar-Shop\/100087110283303\/","https:\/\/www.instagram.com\/rumicon_bottle_cigar_shop\/","https:\/\/www.tiktok.com\/@rumicon2022"]}]}},"_links":{"self":[{"href":"https:\/\/www.rumicon.sk\/hu\/wp-json\/wp\/v2\/product\/10721","targetHints":{"allow":["GET"]}}],"collection":[{"href":"https:\/\/www.rumicon.sk\/hu\/wp-json\/wp\/v2\/product"}],"about":[{"href":"https:\/\/www.rumicon.sk\/hu\/wp-json\/wp\/v2\/types\/product"}],"replies":[{"embeddable":true,"href":"https:\/\/www.rumicon.sk\/hu\/wp-json\/wp\/v2\/comments?post=10721"}],"wp:featuredmedia":[{"embeddable":true,"href":"https:\/\/www.rumicon.sk\/hu\/wp-json\/wp\/v2\/media\/10725"}],"wp:attachment":[{"href":"https:\/\/www.rumicon.sk\/hu\/wp-json\/wp\/v2\/media?parent=10721"}],"wp:term":[{"taxonomy":"product_brand","embeddable":true,"href":"https:\/\/www.rumicon.sk\/hu\/wp-json\/wp\/v2\/product_brand?post=10721"},{"taxonomy":"product_cat","embeddable":true,"href":"https:\/\/www.rumicon.sk\/hu\/wp-json\/wp\/v2\/product_cat?post=10721"},{"taxonomy":"product_tag","embeddable":true,"href":"https:\/\/www.rumicon.sk\/hu\/wp-json\/wp\/v2\/product_tag?post=10721"}],"curies":[{"name":"wp","href":"https:\/\/api.w.org\/{rel}","templated":true}]}}