{"id":10139,"date":"2025-12-29T15:51:28","date_gmt":"2025-12-29T14:51:28","guid":{"rendered":"https:\/\/www.rumicon.sk\/?post_type=product&#038;p=10139"},"modified":"2025-12-29T15:58:51","modified_gmt":"2025-12-29T14:58:51","slug":"rum-s-b-s-jamaica-teca-07l-57-kopia-kopia","status":"publish","type":"product","link":"https:\/\/www.rumicon.sk\/hu\/produkt\/rum-s-b-s-jamaica-teca-07l-57-kopia-kopia\/","title":{"rendered":"Rum S.B.S. Jamaica Teca 0,7l 57% (K\u00f3pia) (..."},"content":{"rendered":"<p><strong>Illat:<\/strong> tr\u00f3pusi gy\u00fcm\u00f6lcs\u00f6k \u00e9s vir\u00e1gok jegyei egy csipetnyi \u00e9getett cukorral. <strong> \u00cdz: \u00cdzek: Az \u00edzek a k\u00f6vetkez\u0151k:<\/strong> F\u0171szeres, tr\u00f3pusi gy\u00fcm\u00f6lcs\u00f6k, p\u00e9ld\u00e1ul papaya vagy mang\u00f3 friss arom\u00e1j\u00e1val. \u00c9des m\u00e9zes jegyek. <strong> Befejez\u00e9s:<\/strong> F\u0171szeres \u00e9lm\u00e9ny <strong>.<\/strong> <\/p>\n","protected":false},"excerpt":{"rendered":"<p>Az S.B.S Origin Jamaica TECA egy feh\u00e9r rum 57%-os alkoholtartalommal \u00e9s nagyon magas, 1200-1300 g\/hl k\u00f6r\u00fcli \u00e9sztertartalommal.<\/p>\n","protected":false},"featured_media":10143,"comment_status":"closed","ping_status":"closed","template":"","meta":{"_acf_changed":false},"product_brand":[],"product_cat":[483,507],"product_tag":[910,703],"class_list":{"0":"post-10139","1":"product","2":"type-product","3":"status-publish","4":"has-post-thumbnail","6":"product_cat-rum-hu","7":"product_cat-feher-rum","8":"product_tag-jamaika-rum","9":"product_tag-s-b-s-hu","10":"pa_druh-alkoholu-feher-rum","11":"pa_krajina-povodu-jamaica","12":"pa_objem-07-l-hu","13":"pa_obsah-alkoholu-57-hu","14":"pa_znacka-s-b-s-hu","16":"first","17":"instock","18":"sale","19":"taxable","20":"shipping-taxable","21":"purchasable","22":"product-type-simple"},"acf":[],"yoast_head":"<!-- This site is optimized with the Yoast SEO plugin v27.0 - https:\/\/yoast.com\/product\/yoast-seo-wordpress\/ -->\n<title>Rum S.B.S. Jamaica Teca 0,7l 57% (K\u00f3pia) (K\u00f3pia) - rumicon.sk<\/title>\n<meta name=\"robots\" content=\"index, follow, max-snippet:-1, max-image-preview:large, max-video-preview:-1\" \/>\n<link rel=\"canonical\" href=\"https:\/\/www.rumicon.sk\/hu\/produkt\/rum-s-b-s-jamaica-teca-07l-57-kopia-kopia\/\" \/>\n<meta property=\"og:locale\" content=\"hu_HU\" \/>\n<meta property=\"og:type\" content=\"article\" \/>\n<meta property=\"og:title\" content=\"Rum S.B.S. Jamaica Teca 0,7l 57% (K\u00f3pia) (K\u00f3pia) - rumicon.sk\" \/>\n<meta property=\"og:description\" content=\"Az S.B.S Origin Jamaica TECA egy feh\u00e9r rum 57%-os alkoholtartalommal \u00e9s nagyon magas, 1200-1300 g\/hl k\u00f6r\u00fcli \u00e9sztertartalommal.\" \/>\n<meta property=\"og:url\" content=\"https:\/\/www.rumicon.sk\/hu\/produkt\/rum-s-b-s-jamaica-teca-07l-57-kopia-kopia\/\" \/>\n<meta property=\"og:site_name\" content=\"rumicon.sk\" \/>\n<meta property=\"article:publisher\" content=\"https:\/\/www.facebook.com\/people\/Rumicon-Bottle-Cigar-Shop\/100087110283303\/\" \/>\n<meta property=\"article:modified_time\" content=\"2025-12-29T14:58:51+00:00\" \/>\n<meta property=\"og:image\" content=\"https:\/\/www.rumicon.sk\/wp-content\/uploads\/S.B.S-Origin-Jamaica-TECA.jpg\" \/>\n<meta name=\"twitter:card\" content=\"summary_large_image\" \/>\n<script type=\"application\/ld+json\" class=\"yoast-schema-graph\">{\"@context\":\"https:\/\/schema.org\",\"@graph\":[{\"@type\":\"WebPage\",\"@id\":\"https:\/\/www.rumicon.sk\/hu\/produkt\/rum-s-b-s-jamaica-teca-07l-57-kopia-kopia\/\",\"url\":\"https:\/\/www.rumicon.sk\/hu\/produkt\/rum-s-b-s-jamaica-teca-07l-57-kopia-kopia\/\",\"name\":\"Rum S.B.S. Jamaica Teca 0,7l 57% (K\u00f3pia) (K\u00f3pia) - rumicon.sk\",\"isPartOf\":{\"@id\":\"https:\/\/www.rumicon.sk\/hu\/#website\"},\"primaryImageOfPage\":{\"@id\":\"https:\/\/www.rumicon.sk\/hu\/produkt\/rum-s-b-s-jamaica-teca-07l-57-kopia-kopia\/#primaryimage\"},\"image\":{\"@id\":\"https:\/\/www.rumicon.sk\/hu\/produkt\/rum-s-b-s-jamaica-teca-07l-57-kopia-kopia\/#primaryimage\"},\"thumbnailUrl\":\"https:\/\/www.rumicon.sk\/wp-content\/uploads\/sbs-ecuador-malacatos.webp\",\"datePublished\":\"2025-12-29T14:51:28+00:00\",\"dateModified\":\"2025-12-29T14:58:51+00:00\",\"breadcrumb\":{\"@id\":\"https:\/\/www.rumicon.sk\/hu\/produkt\/rum-s-b-s-jamaica-teca-07l-57-kopia-kopia\/#breadcrumb\"},\"inLanguage\":\"hu\",\"potentialAction\":[{\"@type\":\"ReadAction\",\"target\":[\"https:\/\/www.rumicon.sk\/hu\/produkt\/rum-s-b-s-jamaica-teca-07l-57-kopia-kopia\/\"]}]},{\"@type\":\"ImageObject\",\"inLanguage\":\"hu\",\"@id\":\"https:\/\/www.rumicon.sk\/hu\/produkt\/rum-s-b-s-jamaica-teca-07l-57-kopia-kopia\/#primaryimage\",\"url\":\"https:\/\/www.rumicon.sk\/wp-content\/uploads\/sbs-ecuador-malacatos.webp\",\"contentUrl\":\"https:\/\/www.rumicon.sk\/wp-content\/uploads\/sbs-ecuador-malacatos.webp\",\"width\":476,\"height\":1021,\"caption\":\"sbs ecuador malacatos\"},{\"@type\":\"BreadcrumbList\",\"@id\":\"https:\/\/www.rumicon.sk\/hu\/produkt\/rum-s-b-s-jamaica-teca-07l-57-kopia-kopia\/#breadcrumb\",\"itemListElement\":[{\"@type\":\"ListItem\",\"position\":1,\"name\":\"Home\",\"item\":\"https:\/\/www.rumicon.sk\/hu\/home\/\"},{\"@type\":\"ListItem\",\"position\":2,\"name\":\"Web\u00e1ruh\u00e1z\",\"item\":\"https:\/\/www.rumicon.sk\/hu\/webaruhaz\/\"},{\"@type\":\"ListItem\",\"position\":3,\"name\":\"Rum S.B.S. Jamaica Teca 0,7l 57% (K\u00f3pia) (...\"}]},{\"@type\":\"WebSite\",\"@id\":\"https:\/\/www.rumicon.sk\/hu\/#website\",\"url\":\"https:\/\/www.rumicon.sk\/hu\/\",\"name\":\"rumicon.sk\",\"description\":\"\",\"publisher\":{\"@id\":\"https:\/\/www.rumicon.sk\/hu\/#organization\"},\"potentialAction\":[{\"@type\":\"SearchAction\",\"target\":{\"@type\":\"EntryPoint\",\"urlTemplate\":\"https:\/\/www.rumicon.sk\/hu\/?s={search_term_string}\"},\"query-input\":{\"@type\":\"PropertyValueSpecification\",\"valueRequired\":true,\"valueName\":\"search_term_string\"}}],\"inLanguage\":\"hu\"},{\"@type\":\"Organization\",\"@id\":\"https:\/\/www.rumicon.sk\/hu\/#organization\",\"name\":\"rumicon.sk\",\"url\":\"https:\/\/www.rumicon.sk\/hu\/\",\"logo\":{\"@type\":\"ImageObject\",\"inLanguage\":\"hu\",\"@id\":\"https:\/\/www.rumicon.sk\/hu\/#\/schema\/logo\/image\/\",\"url\":\"https:\/\/www.rumicon.sk\/wp-content\/uploads\/logo-rumicon-bcs-color.png\",\"contentUrl\":\"https:\/\/www.rumicon.sk\/wp-content\/uploads\/logo-rumicon-bcs-color.png\",\"width\":827,\"height\":278,\"caption\":\"rumicon.sk\"},\"image\":{\"@id\":\"https:\/\/www.rumicon.sk\/hu\/#\/schema\/logo\/image\/\"},\"sameAs\":[\"https:\/\/www.facebook.com\/people\/Rumicon-Bottle-Cigar-Shop\/100087110283303\/\",\"https:\/\/www.instagram.com\/rumicon_bottle_cigar_shop\/\",\"https:\/\/www.tiktok.com\/@rumicon2022\"]}]}<\/script>\n<!-- \/ Yoast SEO plugin. -->","yoast_head_json":{"title":"Rum S.B.S. Jamaica Teca 0,7l 57% (K\u00f3pia) (K\u00f3pia) - rumicon.sk","robots":{"index":"index","follow":"follow","max-snippet":"max-snippet:-1","max-image-preview":"max-image-preview:large","max-video-preview":"max-video-preview:-1"},"canonical":"https:\/\/www.rumicon.sk\/hu\/produkt\/rum-s-b-s-jamaica-teca-07l-57-kopia-kopia\/","og_locale":"hu_HU","og_type":"article","og_title":"Rum S.B.S. Jamaica Teca 0,7l 57% (K\u00f3pia) (K\u00f3pia) - rumicon.sk","og_description":"Az S.B.S Origin Jamaica TECA egy feh\u00e9r rum 57%-os alkoholtartalommal \u00e9s nagyon magas, 1200-1300 g\/hl k\u00f6r\u00fcli \u00e9sztertartalommal.","og_url":"https:\/\/www.rumicon.sk\/hu\/produkt\/rum-s-b-s-jamaica-teca-07l-57-kopia-kopia\/","og_site_name":"rumicon.sk","article_publisher":"https:\/\/www.facebook.com\/people\/Rumicon-Bottle-Cigar-Shop\/100087110283303\/","article_modified_time":"2025-12-29T14:58:51+00:00","og_image":[{"url":"https:\/\/www.rumicon.sk\/wp-content\/uploads\/S.B.S-Origin-Jamaica-TECA.jpg","type":"","width":"","height":""}],"twitter_card":"summary_large_image","schema":{"@context":"https:\/\/schema.org","@graph":[{"@type":"WebPage","@id":"https:\/\/www.rumicon.sk\/hu\/produkt\/rum-s-b-s-jamaica-teca-07l-57-kopia-kopia\/","url":"https:\/\/www.rumicon.sk\/hu\/produkt\/rum-s-b-s-jamaica-teca-07l-57-kopia-kopia\/","name":"Rum S.B.S. Jamaica Teca 0,7l 57% (K\u00f3pia) (K\u00f3pia) - rumicon.sk","isPartOf":{"@id":"https:\/\/www.rumicon.sk\/hu\/#website"},"primaryImageOfPage":{"@id":"https:\/\/www.rumicon.sk\/hu\/produkt\/rum-s-b-s-jamaica-teca-07l-57-kopia-kopia\/#primaryimage"},"image":{"@id":"https:\/\/www.rumicon.sk\/hu\/produkt\/rum-s-b-s-jamaica-teca-07l-57-kopia-kopia\/#primaryimage"},"thumbnailUrl":"https:\/\/www.rumicon.sk\/wp-content\/uploads\/sbs-ecuador-malacatos.webp","datePublished":"2025-12-29T14:51:28+00:00","dateModified":"2025-12-29T14:58:51+00:00","breadcrumb":{"@id":"https:\/\/www.rumicon.sk\/hu\/produkt\/rum-s-b-s-jamaica-teca-07l-57-kopia-kopia\/#breadcrumb"},"inLanguage":"hu","potentialAction":[{"@type":"ReadAction","target":["https:\/\/www.rumicon.sk\/hu\/produkt\/rum-s-b-s-jamaica-teca-07l-57-kopia-kopia\/"]}]},{"@type":"ImageObject","inLanguage":"hu","@id":"https:\/\/www.rumicon.sk\/hu\/produkt\/rum-s-b-s-jamaica-teca-07l-57-kopia-kopia\/#primaryimage","url":"https:\/\/www.rumicon.sk\/wp-content\/uploads\/sbs-ecuador-malacatos.webp","contentUrl":"https:\/\/www.rumicon.sk\/wp-content\/uploads\/sbs-ecuador-malacatos.webp","width":476,"height":1021,"caption":"sbs ecuador malacatos"},{"@type":"BreadcrumbList","@id":"https:\/\/www.rumicon.sk\/hu\/produkt\/rum-s-b-s-jamaica-teca-07l-57-kopia-kopia\/#breadcrumb","itemListElement":[{"@type":"ListItem","position":1,"name":"Home","item":"https:\/\/www.rumicon.sk\/hu\/home\/"},{"@type":"ListItem","position":2,"name":"Web\u00e1ruh\u00e1z","item":"https:\/\/www.rumicon.sk\/hu\/webaruhaz\/"},{"@type":"ListItem","position":3,"name":"Rum S.B.S. Jamaica Teca 0,7l 57% (K\u00f3pia) (..."}]},{"@type":"WebSite","@id":"https:\/\/www.rumicon.sk\/hu\/#website","url":"https:\/\/www.rumicon.sk\/hu\/","name":"rumicon.sk","description":"","publisher":{"@id":"https:\/\/www.rumicon.sk\/hu\/#organization"},"potentialAction":[{"@type":"SearchAction","target":{"@type":"EntryPoint","urlTemplate":"https:\/\/www.rumicon.sk\/hu\/?s={search_term_string}"},"query-input":{"@type":"PropertyValueSpecification","valueRequired":true,"valueName":"search_term_string"}}],"inLanguage":"hu"},{"@type":"Organization","@id":"https:\/\/www.rumicon.sk\/hu\/#organization","name":"rumicon.sk","url":"https:\/\/www.rumicon.sk\/hu\/","logo":{"@type":"ImageObject","inLanguage":"hu","@id":"https:\/\/www.rumicon.sk\/hu\/#\/schema\/logo\/image\/","url":"https:\/\/www.rumicon.sk\/wp-content\/uploads\/logo-rumicon-bcs-color.png","contentUrl":"https:\/\/www.rumicon.sk\/wp-content\/uploads\/logo-rumicon-bcs-color.png","width":827,"height":278,"caption":"rumicon.sk"},"image":{"@id":"https:\/\/www.rumicon.sk\/hu\/#\/schema\/logo\/image\/"},"sameAs":["https:\/\/www.facebook.com\/people\/Rumicon-Bottle-Cigar-Shop\/100087110283303\/","https:\/\/www.instagram.com\/rumicon_bottle_cigar_shop\/","https:\/\/www.tiktok.com\/@rumicon2022"]}]}},"_links":{"self":[{"href":"https:\/\/www.rumicon.sk\/hu\/wp-json\/wp\/v2\/product\/10139","targetHints":{"allow":["GET"]}}],"collection":[{"href":"https:\/\/www.rumicon.sk\/hu\/wp-json\/wp\/v2\/product"}],"about":[{"href":"https:\/\/www.rumicon.sk\/hu\/wp-json\/wp\/v2\/types\/product"}],"replies":[{"embeddable":true,"href":"https:\/\/www.rumicon.sk\/hu\/wp-json\/wp\/v2\/comments?post=10139"}],"wp:featuredmedia":[{"embeddable":true,"href":"https:\/\/www.rumicon.sk\/hu\/wp-json\/wp\/v2\/media\/10143"}],"wp:attachment":[{"href":"https:\/\/www.rumicon.sk\/hu\/wp-json\/wp\/v2\/media?parent=10139"}],"wp:term":[{"taxonomy":"product_brand","embeddable":true,"href":"https:\/\/www.rumicon.sk\/hu\/wp-json\/wp\/v2\/product_brand?post=10139"},{"taxonomy":"product_cat","embeddable":true,"href":"https:\/\/www.rumicon.sk\/hu\/wp-json\/wp\/v2\/product_cat?post=10139"},{"taxonomy":"product_tag","embeddable":true,"href":"https:\/\/www.rumicon.sk\/hu\/wp-json\/wp\/v2\/product_tag?post=10139"}],"curies":[{"name":"wp","href":"https:\/\/api.w.org\/{rel}","templated":true}]}}