{"id":4945,"date":"2024-08-28T08:32:33","date_gmt":"2024-08-28T06:32:33","guid":{"rendered":"https:\/\/www.rumicon.sk\/szallitas-es-fizetes\/"},"modified":"2025-03-19T11:20:21","modified_gmt":"2025-03-19T10:20:21","slug":"szallitas-es-fizetes","status":"publish","type":"page","link":"https:\/\/www.rumicon.sk\/hu\/szallitas-es-fizetes\/","title":{"rendered":"Sz\u00e1ll\u00edt\u00e1s \u00e9s fizet\u00e9s"},"content":{"rendered":"\n<div class=\"row\"  id=\"row-1453900841\">\n\n\n\t<div id=\"col-1647668734\" class=\"col small-12 large-12\"  >\n\t\t\t\t<div class=\"col-inner\"  >\n\t\t\t\n\t\t\t\n\n<h2>Sz\u00e1ll\u00edt\u00e1s  <\/h2>\n<h3>Sz\u00e1ll\u00edt\u00e1s DPD \u00e1tv\u00e9teli ponton kereszt\u00fcl &#8211; 3,90 \u20ac<\/h3>\n<ul>\n<li>100 \u20ac feletti rendel\u00e9s eset\u00e9n a DPD pickup sz\u00e1ll\u00edt\u00e1s ingyenes!<\/li>\n<li>Vegye \u00e1t megrendel\u00e9s\u00e9t k\u00e9nyelmesen a DPD \u00e1tv\u00e9teli pontok egyik\u00e9n.<\/li>\n<li>Amikor csomagj\u00e1t egy \u00e1tv\u00e9teli pontra vagy \u00e1tv\u00e9teli \u00e1llom\u00e1sra sz\u00e1ll\u00edtj\u00e1k, SMS-ben \u00e9rtes\u00edtj\u00fck, hogy mikor veheti \u00e1t csomagj\u00e1t.<\/li>\n<li>A k\u00fcldem\u00e9ny elhelyez\u00e9se az \u00e1tv\u00e9teli ponton legfeljebb 5 napt\u00e1ri napig, az \u00f6nkiszolg\u00e1l\u00f3 \u00e1tv\u00e9teli \u00e1llom\u00e1son 3 napt\u00e1ri napig.<\/li>\n<li>a csomag nyomon k\u00f6vet\u00e9s\u00e9nek lehet\u0151s\u00e9ge online vagy a 18 373-as forr\u00f3dr\u00f3ton kereszt\u00fcl.<\/li>\n<li>a v\u00e1s\u00e1rl\u00e1s hely\u00e9n k\u00e9szp\u00e9nzzel \u00e9s k\u00e1rty\u00e1val is lehet fizetni<\/li>\n<\/ul>\n<h3>Sz\u00e1ll\u00edt\u00e1s fut\u00e1rszolg\u00e1lattal DPD &#8211; 4,90 \u20ac<\/h3>\n<ul>\n<li>100 \u20ac feletti rendel\u00e9s eset\u00e9n a DPD fut\u00e1rszolg\u00e1lattal t\u00f6rt\u00e9n\u0151 sz\u00e1ll\u00edt\u00e1s ingyenes!<\/li>\n<li>sz\u00e1ll\u00edt\u00e1s k\u00f6zvetlen\u00fcl az \u00d6n kez\u00e9be<\/li>\n<li>SMS \u00fczenet a csomag k\u00e9zbes\u00edt\u00e9se el\u0151tti napon<\/li>\n<li>SMS \u00fczenet a k\u00e9zbes\u00edt\u00e9s napj\u00e1n a fut\u00e1r meg\u00e9rkez\u00e9s\u00e9nek id\u0151intervallum\u00e1val<\/li>\n<li>sikertelen k\u00e9zbes\u00edt\u00e9si k\u00eds\u00e9rlet eset\u00e9n a fut\u00e1r m\u00e9g k\u00e9tszer megpr\u00f3b\u00e1lja k\u00e9zbes\u00edteni a csomagot, vagy telefonon.<\/li>\n<li>a csomag nyomon k\u00f6vet\u00e9s\u00e9nek lehet\u0151s\u00e9ge online vagy a 18 373-as forr\u00f3dr\u00f3ton kereszt\u00fcl.<\/li>\n<\/ul>\n<h3>Szem\u00e9lyes \u00e1tv\u00e9tel a kom\u00e1romi \u00fczletben (ingyenes)<\/h3>\n<ul>\n<li>Kedd &#8211; cs\u00fct\u00f6rt\u00f6k a RUMICON Bottle &amp; Cigar Shopban &#8211; Palat\u00ednova 1038\/41, 945 01 Kom\u00e1rno<\/li>\n<li>k\u00e9szp\u00e9nzes vagy k\u00e1rty\u00e1s fizet\u00e9s lehet\u0151s\u00e9ge<\/li>\n<\/ul>\n<h3>Kom\u00e1rno sz\u00e1ll\u00edt\u00e1s AB Taxi &#8211; 4 \u20ac (csak k\u00e1rty\u00e1s el\u0151refizet\u00e9s eset\u00e9n)<\/h3>\n<ul>\n<li>sz\u00e1ll\u00edt\u00e1s Kom\u00e1romban \u00e9s k\u00f6rny\u00e9k\u00e9n egy megb\u00edzhat\u00f3 taxi szolg\u00e1ltat\u00e1ssal<\/li>\n<li>csak el\u0151re t\u00f6rt\u00e9n\u0151 k\u00e1rty\u00e1s fizet\u00e9s lehet\u0151s\u00e9g\u00e9vel<\/li>\n<li>rendel\u00e9si lehet\u0151s\u00e9g h\u00e9tk\u00f6znap keddt\u0151l cs\u00fct\u00f6rt\u00f6kig 10:00 \u00e9s 17:30 k\u00f6z\u00f6tt<\/li>\n<\/ul>\n<h2>Fizet\u00e9s:<\/h2>\n<h3>K\u00e1rty\u00e1s fizet\u00e9s ONLINE (ingyenes)<\/h3>\n<p>Fizet\u00e9s MasterCard\u00ae, Maestro\u00ae, VISA, VISA Electron k\u00e1rty\u00e1kkal. Miut\u00e1n a kos\u00e1rban kiv\u00e1lasztotta a k\u00e1rty\u00e1s fizet\u00e9si lehet\u0151s\u00e9get, \u00e1tir\u00e1ny\u00edtjuk a biztons\u00e1gos fizet\u00e9si \u00e1tj\u00e1r\u00f3 oldal\u00e1ra. A fizet\u00e9st azonnal feldolgozzuk, \u00edgy lehet\u0151v\u00e9 t\u00e9ve sz\u00e1munkra, hogy az \u00e1rut az \u00d6n \u00e1ltal kiv\u00e1lasztott c\u00edmre k\u00fcldj\u00fck.  <\/p>\n<h3>Fizet\u00e9s k\u00e9szp\u00e9nzzel vagy k\u00e1rty\u00e1val szem\u00e9lyes \u00e1tv\u00e9telkor (ingyenes)<\/h3>\n<p>K\u00e9szp\u00e9nzzel vagy MasterCard\u00ae, Maestro\u00ae, VISA, VISA Electron k\u00e1rty\u00e1val fizethet, ha szem\u00e9lyesen veszi \u00e1t a rendel\u00e9s\u00e9t \u00fczlet\u00fcnkben.<\/p>\n<h3>Banki \u00e1tutal\u00e1s (ingyenes)<\/h3>\n<p>Megrendel\u00e9s\u00e9t a fizet\u00e9s sz\u00e1ml\u00e1nkon t\u00f6rt\u00e9n\u0151 j\u00f3v\u00e1\u00edr\u00e1sa ut\u00e1n dolgozzuk fel. K\u00e9rj\u00fck, a v\u00e1ltoz\u00f3 szimb\u00f3lumk\u00e9nt adja meg a rendel\u00e9s sz\u00e1m\u00e1t. Ezt a sz\u00e1mot a sz\u00fcks\u00e9ges \u00e1tutal\u00e1si adatokkal egy\u00fctt a megrendel\u00e9s lead\u00e1sa ut\u00e1n azonnal elk\u00fcldj\u00fck \u00d6nnek e-mailben. K\u00e9rj\u00fck, vegye figyelembe, hogy a VUB, a.s.-t\u0151l elt\u00e9r\u0151 bankb\u00f3l t\u00f6rt\u00e9n\u0151 \u00e1tutal\u00e1s ak\u00e1r 2 munkanapot is ig\u00e9nybe vehet.   <\/p>\n<p> <\/p>\n\n\t\t<\/div>\n\t\t\t\t\t<\/div>\n\n\t\n\n\n<style>\n#row-1453900841 > .col > .col-inner {\n  padding: 30px 0px 0px 0px;\n}\n<\/style>\n<\/div>\n\n","protected":false},"excerpt":{"rendered":"","protected":false},"author":1,"featured_media":0,"parent":0,"menu_order":0,"comment_status":"closed","ping_status":"closed","template":"","meta":{"_acf_changed":false,"footnotes":""},"class_list":["post-4945","page","type-page","status-publish","hentry"],"acf":[],"yoast_head":"<!-- This site is optimized with the Yoast SEO plugin v27.0 - https:\/\/yoast.com\/product\/yoast-seo-wordpress\/ -->\n<title>Sz\u00e1ll\u00edt\u00e1s \u00e9s fizet\u00e9s - rumicon.sk<\/title>\n<meta name=\"robots\" content=\"index, follow, max-snippet:-1, max-image-preview:large, max-video-preview:-1\" \/>\n<link rel=\"canonical\" href=\"https:\/\/www.rumicon.sk\/hu\/szallitas-es-fizetes\/\" \/>\n<meta property=\"og:locale\" content=\"hu_HU\" \/>\n<meta property=\"og:type\" content=\"article\" \/>\n<meta property=\"og:title\" content=\"Sz\u00e1ll\u00edt\u00e1s \u00e9s fizet\u00e9s - rumicon.sk\" \/>\n<meta property=\"og:url\" content=\"https:\/\/www.rumicon.sk\/hu\/szallitas-es-fizetes\/\" \/>\n<meta property=\"og:site_name\" content=\"rumicon.sk\" \/>\n<meta property=\"article:publisher\" content=\"https:\/\/www.facebook.com\/people\/Rumicon-Bottle-Cigar-Shop\/100087110283303\/\" \/>\n<meta property=\"article:modified_time\" content=\"2025-03-19T10:20:21+00:00\" \/>\n<meta property=\"og:image\" content=\"https:\/\/www.rumicon.sk\/wp-content\/uploads\/logo-rumicon-bcs-color.png\" \/>\n\t<meta property=\"og:image:width\" content=\"827\" \/>\n\t<meta property=\"og:image:height\" content=\"278\" \/>\n\t<meta property=\"og:image:type\" content=\"image\/png\" \/>\n<meta name=\"twitter:card\" content=\"summary_large_image\" \/>\n<meta name=\"twitter:label1\" content=\"Becs\u00fclt olvas\u00e1si id\u0151\" \/>\n\t<meta name=\"twitter:data1\" content=\"3 perc\" \/>\n<script type=\"application\/ld+json\" class=\"yoast-schema-graph\">{\"@context\":\"https:\/\/schema.org\",\"@graph\":[{\"@type\":\"WebPage\",\"@id\":\"https:\/\/www.rumicon.sk\/hu\/szallitas-es-fizetes\/\",\"url\":\"https:\/\/www.rumicon.sk\/hu\/szallitas-es-fizetes\/\",\"name\":\"Sz\u00e1ll\u00edt\u00e1s \u00e9s fizet\u00e9s - rumicon.sk\",\"isPartOf\":{\"@id\":\"https:\/\/www.rumicon.sk\/hu\/#website\"},\"datePublished\":\"2024-08-28T06:32:33+00:00\",\"dateModified\":\"2025-03-19T10:20:21+00:00\",\"breadcrumb\":{\"@id\":\"https:\/\/www.rumicon.sk\/hu\/szallitas-es-fizetes\/#breadcrumb\"},\"inLanguage\":\"hu\",\"potentialAction\":[{\"@type\":\"ReadAction\",\"target\":[\"https:\/\/www.rumicon.sk\/hu\/szallitas-es-fizetes\/\"]}]},{\"@type\":\"BreadcrumbList\",\"@id\":\"https:\/\/www.rumicon.sk\/hu\/szallitas-es-fizetes\/#breadcrumb\",\"itemListElement\":[{\"@type\":\"ListItem\",\"position\":1,\"name\":\"Home\",\"item\":\"https:\/\/www.rumicon.sk\/hu\/home\/\"},{\"@type\":\"ListItem\",\"position\":2,\"name\":\"Sz\u00e1ll\u00edt\u00e1s \u00e9s fizet\u00e9s\"}]},{\"@type\":\"WebSite\",\"@id\":\"https:\/\/www.rumicon.sk\/hu\/#website\",\"url\":\"https:\/\/www.rumicon.sk\/hu\/\",\"name\":\"rumicon.sk\",\"description\":\"\",\"publisher\":{\"@id\":\"https:\/\/www.rumicon.sk\/hu\/#organization\"},\"potentialAction\":[{\"@type\":\"SearchAction\",\"target\":{\"@type\":\"EntryPoint\",\"urlTemplate\":\"https:\/\/www.rumicon.sk\/hu\/?s={search_term_string}\"},\"query-input\":{\"@type\":\"PropertyValueSpecification\",\"valueRequired\":true,\"valueName\":\"search_term_string\"}}],\"inLanguage\":\"hu\"},{\"@type\":\"Organization\",\"@id\":\"https:\/\/www.rumicon.sk\/hu\/#organization\",\"name\":\"rumicon.sk\",\"url\":\"https:\/\/www.rumicon.sk\/hu\/\",\"logo\":{\"@type\":\"ImageObject\",\"inLanguage\":\"hu\",\"@id\":\"https:\/\/www.rumicon.sk\/hu\/#\/schema\/logo\/image\/\",\"url\":\"https:\/\/www.rumicon.sk\/wp-content\/uploads\/logo-rumicon-bcs-color.png\",\"contentUrl\":\"https:\/\/www.rumicon.sk\/wp-content\/uploads\/logo-rumicon-bcs-color.png\",\"width\":827,\"height\":278,\"caption\":\"rumicon.sk\"},\"image\":{\"@id\":\"https:\/\/www.rumicon.sk\/hu\/#\/schema\/logo\/image\/\"},\"sameAs\":[\"https:\/\/www.facebook.com\/people\/Rumicon-Bottle-Cigar-Shop\/100087110283303\/\",\"https:\/\/www.instagram.com\/rumicon_bottle_cigar_shop\/\",\"https:\/\/www.tiktok.com\/@rumicon2022\"]}]}<\/script>\n<!-- \/ Yoast SEO plugin. -->","yoast_head_json":{"title":"Sz\u00e1ll\u00edt\u00e1s \u00e9s fizet\u00e9s - rumicon.sk","robots":{"index":"index","follow":"follow","max-snippet":"max-snippet:-1","max-image-preview":"max-image-preview:large","max-video-preview":"max-video-preview:-1"},"canonical":"https:\/\/www.rumicon.sk\/hu\/szallitas-es-fizetes\/","og_locale":"hu_HU","og_type":"article","og_title":"Sz\u00e1ll\u00edt\u00e1s \u00e9s fizet\u00e9s - rumicon.sk","og_url":"https:\/\/www.rumicon.sk\/hu\/szallitas-es-fizetes\/","og_site_name":"rumicon.sk","article_publisher":"https:\/\/www.facebook.com\/people\/Rumicon-Bottle-Cigar-Shop\/100087110283303\/","article_modified_time":"2025-03-19T10:20:21+00:00","og_image":[{"width":827,"height":278,"url":"https:\/\/www.rumicon.sk\/wp-content\/uploads\/logo-rumicon-bcs-color.png","type":"image\/png"}],"twitter_card":"summary_large_image","twitter_misc":{"Becs\u00fclt olvas\u00e1si id\u0151":"3 perc"},"schema":{"@context":"https:\/\/schema.org","@graph":[{"@type":"WebPage","@id":"https:\/\/www.rumicon.sk\/hu\/szallitas-es-fizetes\/","url":"https:\/\/www.rumicon.sk\/hu\/szallitas-es-fizetes\/","name":"Sz\u00e1ll\u00edt\u00e1s \u00e9s fizet\u00e9s - rumicon.sk","isPartOf":{"@id":"https:\/\/www.rumicon.sk\/hu\/#website"},"datePublished":"2024-08-28T06:32:33+00:00","dateModified":"2025-03-19T10:20:21+00:00","breadcrumb":{"@id":"https:\/\/www.rumicon.sk\/hu\/szallitas-es-fizetes\/#breadcrumb"},"inLanguage":"hu","potentialAction":[{"@type":"ReadAction","target":["https:\/\/www.rumicon.sk\/hu\/szallitas-es-fizetes\/"]}]},{"@type":"BreadcrumbList","@id":"https:\/\/www.rumicon.sk\/hu\/szallitas-es-fizetes\/#breadcrumb","itemListElement":[{"@type":"ListItem","position":1,"name":"Home","item":"https:\/\/www.rumicon.sk\/hu\/home\/"},{"@type":"ListItem","position":2,"name":"Sz\u00e1ll\u00edt\u00e1s \u00e9s fizet\u00e9s"}]},{"@type":"WebSite","@id":"https:\/\/www.rumicon.sk\/hu\/#website","url":"https:\/\/www.rumicon.sk\/hu\/","name":"rumicon.sk","description":"","publisher":{"@id":"https:\/\/www.rumicon.sk\/hu\/#organization"},"potentialAction":[{"@type":"SearchAction","target":{"@type":"EntryPoint","urlTemplate":"https:\/\/www.rumicon.sk\/hu\/?s={search_term_string}"},"query-input":{"@type":"PropertyValueSpecification","valueRequired":true,"valueName":"search_term_string"}}],"inLanguage":"hu"},{"@type":"Organization","@id":"https:\/\/www.rumicon.sk\/hu\/#organization","name":"rumicon.sk","url":"https:\/\/www.rumicon.sk\/hu\/","logo":{"@type":"ImageObject","inLanguage":"hu","@id":"https:\/\/www.rumicon.sk\/hu\/#\/schema\/logo\/image\/","url":"https:\/\/www.rumicon.sk\/wp-content\/uploads\/logo-rumicon-bcs-color.png","contentUrl":"https:\/\/www.rumicon.sk\/wp-content\/uploads\/logo-rumicon-bcs-color.png","width":827,"height":278,"caption":"rumicon.sk"},"image":{"@id":"https:\/\/www.rumicon.sk\/hu\/#\/schema\/logo\/image\/"},"sameAs":["https:\/\/www.facebook.com\/people\/Rumicon-Bottle-Cigar-Shop\/100087110283303\/","https:\/\/www.instagram.com\/rumicon_bottle_cigar_shop\/","https:\/\/www.tiktok.com\/@rumicon2022"]}]}},"_links":{"self":[{"href":"https:\/\/www.rumicon.sk\/hu\/wp-json\/wp\/v2\/pages\/4945","targetHints":{"allow":["GET"]}}],"collection":[{"href":"https:\/\/www.rumicon.sk\/hu\/wp-json\/wp\/v2\/pages"}],"about":[{"href":"https:\/\/www.rumicon.sk\/hu\/wp-json\/wp\/v2\/types\/page"}],"author":[{"embeddable":true,"href":"https:\/\/www.rumicon.sk\/hu\/wp-json\/wp\/v2\/users\/1"}],"replies":[{"embeddable":true,"href":"https:\/\/www.rumicon.sk\/hu\/wp-json\/wp\/v2\/comments?post=4945"}],"version-history":[{"count":0,"href":"https:\/\/www.rumicon.sk\/hu\/wp-json\/wp\/v2\/pages\/4945\/revisions"}],"wp:attachment":[{"href":"https:\/\/www.rumicon.sk\/hu\/wp-json\/wp\/v2\/media?parent=4945"}],"curies":[{"name":"wp","href":"https:\/\/api.w.org\/{rel}","templated":true}]}}